{"id":1007,"date":"2023-02-20T23:11:16","date_gmt":"2023-02-20T23:11:16","guid":{"rendered":"https:\/\/ivoconta.pt\/?page_id=1007"},"modified":"2023-03-17T14:30:58","modified_gmt":"2023-03-17T14:30:58","slug":"nachricht","status":"publish","type":"page","link":"https:\/\/ivoconta.pt\/de\/nachricht\/","title":{"rendered":"Nachricht"},"content":{"rendered":"\t\t<div data-elementor-type=\"wp-page\" data-elementor-id=\"1007\" class=\"elementor elementor-1007 elementor-16\">\n\t\t\t\t\t\t\t\t\t<section class=\"penci-section penci-disSticky penci-structure-10 elementor-section elementor-top-section elementor-element elementor-element-295498a elementor-section-height-min-height elementor-section-boxed elementor-section-height-default elementor-section-items-middle\" data-id=\"295498a\" data-element_type=\"section\" data-settings=\"{&quot;background_background&quot;:&quot;classic&quot;}\">\n\t\t\t\t\t\t\t<div class=\"elementor-background-overlay\"><\/div>\n\t\t\t\t\t\t\t<div class=\"elementor-container elementor-column-gap-default\">\n\t\t\t\t\t<div class=\"penci-ercol-100 penci-ercol-order-1 penci-sticky-ct  elementor-column elementor-col-100 elementor-top-column elementor-element elementor-element-b411648\" data-id=\"b411648\" data-element_type=\"column\">\n\t\t\t<div class=\"elementor-widget-wrap elementor-element-populated\">\n\t\t\t\t\t\t\t\t<div class=\"elementor-element elementor-element-554e15a elementor-widget elementor-widget-heading\" data-id=\"554e15a\" data-element_type=\"widget\" data-widget_type=\"heading.default\">\n\t\t\t\t<div class=\"elementor-widget-container\">\n\t\t\t<style>\/*! elementor - v3.11.1 - 15-02-2023 *\/\n.elementor-heading-title{padding:0;margin:0;line-height:1}.elementor-widget-heading .elementor-heading-title[class*=elementor-size-]>a{color:inherit;font-size:inherit;line-height:inherit}.elementor-widget-heading .elementor-heading-title.elementor-size-small{font-size:15px}.elementor-widget-heading .elementor-heading-title.elementor-size-medium{font-size:19px}.elementor-widget-heading .elementor-heading-title.elementor-size-large{font-size:29px}.elementor-widget-heading .elementor-heading-title.elementor-size-xl{font-size:39px}.elementor-widget-heading .elementor-heading-title.elementor-size-xxl{font-size:59px}<\/style><h2 class=\"elementor-heading-title elementor-size-default\">Nachricht<\/h2>\t\t<\/div>\n\t\t\t\t<\/div>\n\t\t\t\t\t<\/div>\n\t\t<\/div>\n\t\t\t\t\t\t\t<\/div>\n\t\t<\/section>\n\t\t\t\t<section class=\"penci-section penci-disSticky penci-structure-10 elementor-section elementor-top-section elementor-element elementor-element-e789131 elementor-section-boxed elementor-section-height-default elementor-section-height-default\" data-id=\"e789131\" data-element_type=\"section\">\n\t\t\t\t\t\t<div class=\"elementor-container elementor-column-gap-default\">\n\t\t\t\t\t<div class=\"penci-ercol-100 penci-ercol-order-1 penci-sticky-ct  elementor-column elementor-col-100 elementor-top-column elementor-element elementor-element-de7c945\" data-id=\"de7c945\" data-element_type=\"column\">\n\t\t\t<div class=\"elementor-widget-wrap elementor-element-populated\">\n\t\t\t\t\t\t\t\t<div class=\"elementor-element elementor-element-213889f noticias elementor-grid-3 elementor-grid-tablet-2 elementor-grid-mobile-1 elementor-posts--thumbnail-top elementor-widget elementor-widget-posts\" data-id=\"213889f\" data-element_type=\"widget\" id=\"noticias\" data-settings=\"{&quot;classic_row_gap&quot;:{&quot;unit&quot;:&quot;px&quot;,&quot;size&quot;:50,&quot;sizes&quot;:[]},&quot;classic_columns&quot;:&quot;3&quot;,&quot;classic_columns_tablet&quot;:&quot;2&quot;,&quot;classic_columns_mobile&quot;:&quot;1&quot;,&quot;classic_row_gap_tablet&quot;:{&quot;unit&quot;:&quot;px&quot;,&quot;size&quot;:&quot;&quot;,&quot;sizes&quot;:[]},&quot;classic_row_gap_mobile&quot;:{&quot;unit&quot;:&quot;px&quot;,&quot;size&quot;:&quot;&quot;,&quot;sizes&quot;:[]}}\" data-widget_type=\"posts.classic\">\n\t\t\t\t<div class=\"elementor-widget-container\">\n\t\t\t<link rel=\"stylesheet\" href=\"https:\/\/ivoconta.pt\/wp-content\/plugins\/proelements-master\/assets\/css\/widget-posts.min.css\">\t\t<div class=\"elementor-posts-container elementor-posts elementor-posts--skin-classic elementor-grid\">\n\t\t\t\t<article class=\"elementor-post elementor-grid-item post-2434 post type-post status-publish format-standard has-post-thumbnail hentry category-unkategorisiert\">\n\t\t\t\t<a class=\"elementor-post__thumbnail__link\" href=\"https:\/\/ivoconta.pt\/de\/conhece-todas-as-obrigacoes-fiscais-de-uma-empresa\/\" >\n\t\t\t<div class=\"elementor-post__thumbnail\"><img decoding=\"async\" width=\"300\" height=\"200\" src=\"https:\/\/ivoconta.pt\/wp-content\/uploads\/2023\/03\/DSC07452-1-300x200.jpg\" class=\"attachment-medium size-medium wp-image-2073\" alt=\"\" srcset=\"https:\/\/ivoconta.pt\/wp-content\/uploads\/2023\/03\/DSC07452-1-300x200.jpg 300w, https:\/\/ivoconta.pt\/wp-content\/uploads\/2023\/03\/DSC07452-1-1024x683.jpg 1024w, https:\/\/ivoconta.pt\/wp-content\/uploads\/2023\/03\/DSC07452-1-768x512.jpg 768w, https:\/\/ivoconta.pt\/wp-content\/uploads\/2023\/03\/DSC07452-1-1536x1024.jpg 1536w, https:\/\/ivoconta.pt\/wp-content\/uploads\/2023\/03\/DSC07452-1-2048x1365.jpg 2048w, https:\/\/ivoconta.pt\/wp-content\/uploads\/2023\/03\/DSC07452-1-1920x1280.jpg 1920w, https:\/\/ivoconta.pt\/wp-content\/uploads\/2023\/03\/DSC07452-1-1170x780.jpg 1170w, https:\/\/ivoconta.pt\/wp-content\/uploads\/2023\/03\/DSC07452-1-585x390.jpg 585w, https:\/\/ivoconta.pt\/wp-content\/uploads\/2023\/03\/DSC07452-1-263x175.jpg 263w\" sizes=\"(max-width: 300px) 100vw, 300px\" \/><\/div>\n\t\t<\/a>\n\t\t\t\t<div class=\"elementor-post__text\">\n\t\t\t\t<h3 class=\"elementor-post__title\">\n\t\t\t<a href=\"https:\/\/ivoconta.pt\/de\/conhece-todas-as-obrigacoes-fiscais-de-uma-empresa\/\" >\n\t\t\t\tKennen Sie alle steuerlichen Verpflichtungen eines Unternehmens?\t\t\t<\/a>\n\t\t<\/h3>\n\t\t\t\t<div class=\"elementor-post__excerpt\">\n\t\t\t<p>Es gibt zahlreiche b\u00fcrokratische, steuerliche und buchhalterische Prozesse, die ein Unternehmen einhalten muss. Trotz des einfachen Zugangs zu Informationen variieren diese steuerlichen Verpflichtungen manchmal von Unternehmen zu Unternehmen oder der<\/p>\n\t\t<\/div>\n\t\t\n\t\t<a class=\"elementor-post__read-more\" href=\"https:\/\/ivoconta.pt\/de\/conhece-todas-as-obrigacoes-fiscais-de-uma-empresa\/\" >\n\t\t\tMehr sehen\t\t<\/a>\n\n\t\t\t\t<\/div>\n\t\t\t\t<\/article>\n\t\t\t\t<\/div>\n\t\t\n\t\t\t\t<\/div>\n\t\t\t\t<\/div>\n\t\t\t\t\t<\/div>\n\t\t<\/div>\n\t\t\t\t\t\t\t<\/div>\n\t\t<\/section>\n\t\t\t\t\t\t\t<\/div>\n\t\t","protected":false},"excerpt":{"rendered":"","protected":false},"author":1,"featured_media":680,"parent":0,"menu_order":0,"comment_status":"closed","ping_status":"closed","template":"elementor_header_footer","meta":[],"acf":[],"yoast_head":"<!-- This site is optimized with the Yoast SEO plugin v20.1 - https:\/\/yoast.com\/wordpress\/plugins\/seo\/ -->\n<title>Alles \u00fcber Anlageberatung und Buchhaltung | Ivoconta - Azoren<\/title>\n<meta name=\"description\" content=\"Wenn Sie mehr \u00fcber Buchhaltung, Anlageberatung und Personalwesen erfahren m\u00f6chten, sind Sie hier genau richtig! Sprechen Sie uns an.\" \/>\n<meta name=\"robots\" content=\"index, follow, max-snippet:-1, max-image-preview:large, max-video-preview:-1\" \/>\n<link rel=\"canonical\" href=\"https:\/\/ivoconta.pt\/de\/nachricht\/\" \/>\n<meta property=\"og:locale\" content=\"de_DE\" \/>\n<meta property=\"og:type\" content=\"article\" \/>\n<meta property=\"og:title\" content=\"Alles \u00fcber Anlageberatung und Buchhaltung | Ivoconta - Azoren\" \/>\n<meta property=\"og:description\" content=\"Wenn Sie mehr \u00fcber Buchhaltung, Anlageberatung und Personalwesen erfahren m\u00f6chten, sind Sie hier genau richtig! Sprechen Sie uns an.\" \/>\n<meta property=\"og:url\" content=\"https:\/\/ivoconta.pt\/de\/nachricht\/\" \/>\n<meta property=\"og:site_name\" content=\"Ivoconta\" \/>\n<meta property=\"article:publisher\" content=\"https:\/\/www.facebook.com\/ivoconta.contabilidade\" \/>\n<meta property=\"article:modified_time\" content=\"2023-03-17T14:30:58+00:00\" \/>\n<meta property=\"og:image\" content=\"https:\/\/ivoconta.pt\/wp-content\/uploads\/2023\/02\/iStock-1189010351-1-1.png\" \/>\n\t<meta property=\"og:image:width\" content=\"1440\" \/>\n\t<meta property=\"og:image:height\" content=\"458\" \/>\n\t<meta property=\"og:image:type\" content=\"image\/png\" \/>\n<meta name=\"twitter:card\" content=\"summary_large_image\" \/>\n<meta name=\"twitter:label1\" content=\"Gesch\u00e4tzte Lesezeit\" \/>\n\t<meta name=\"twitter:data1\" content=\"1 Minute\" \/>\n<script type=\"application\/ld+json\" class=\"yoast-schema-graph\">{\"@context\":\"https:\/\/schema.org\",\"@graph\":[{\"@type\":\"WebPage\",\"@id\":\"https:\/\/ivoconta.pt\/de\/nachricht\/\",\"url\":\"https:\/\/ivoconta.pt\/de\/nachricht\/\",\"name\":\"Alles \u00fcber Anlageberatung und Buchhaltung | Ivoconta - Azoren\",\"isPartOf\":{\"@id\":\"https:\/\/ivoconta.pt\/#website\"},\"datePublished\":\"2023-02-20T23:11:16+00:00\",\"dateModified\":\"2023-03-17T14:30:58+00:00\",\"description\":\"Wenn Sie mehr \u00fcber Buchhaltung, Anlageberatung und Personalwesen erfahren m\u00f6chten, sind Sie hier genau richtig! Sprechen Sie uns an.\",\"breadcrumb\":{\"@id\":\"https:\/\/ivoconta.pt\/de\/nachricht\/#breadcrumb\"},\"inLanguage\":\"de-DE\",\"potentialAction\":[{\"@type\":\"ReadAction\",\"target\":[\"https:\/\/ivoconta.pt\/de\/nachricht\/\"]}]},{\"@type\":\"BreadcrumbList\",\"@id\":\"https:\/\/ivoconta.pt\/de\/nachricht\/#breadcrumb\",\"itemListElement\":[{\"@type\":\"ListItem\",\"position\":1,\"name\":\"In\u00edcio\",\"item\":\"https:\/\/ivoconta.pt\/de\/\"},{\"@type\":\"ListItem\",\"position\":2,\"name\":\"Nachricht\"}]},{\"@type\":\"WebSite\",\"@id\":\"https:\/\/ivoconta.pt\/#website\",\"url\":\"https:\/\/ivoconta.pt\/\",\"name\":\"Ivoconta\",\"description\":\"Ivoconta\",\"publisher\":{\"@id\":\"https:\/\/ivoconta.pt\/#organization\"},\"potentialAction\":[{\"@type\":\"SearchAction\",\"target\":{\"@type\":\"EntryPoint\",\"urlTemplate\":\"https:\/\/ivoconta.pt\/?s={search_term_string}\"},\"query-input\":\"required name=search_term_string\"}],\"inLanguage\":\"de-DE\"},{\"@type\":\"Organization\",\"@id\":\"https:\/\/ivoconta.pt\/#organization\",\"name\":\"Ivoconta\",\"url\":\"https:\/\/ivoconta.pt\/\",\"logo\":{\"@type\":\"ImageObject\",\"inLanguage\":\"de-DE\",\"@id\":\"https:\/\/ivoconta.pt\/#\/schema\/logo\/image\/\",\"url\":\"https:\/\/ivoconta.pt\/wp-content\/uploads\/2023\/02\/Design-sem-nome-4.png\",\"contentUrl\":\"https:\/\/ivoconta.pt\/wp-content\/uploads\/2023\/02\/Design-sem-nome-4.png\",\"width\":1080,\"height\":1080,\"caption\":\"Ivoconta\"},\"image\":{\"@id\":\"https:\/\/ivoconta.pt\/#\/schema\/logo\/image\/\"},\"sameAs\":[\"https:\/\/www.facebook.com\/ivoconta.contabilidade\",\"https:\/\/www.linkedin.com\/company\/ivoconta-contabilidade-e-servios-lda\"]}]}<\/script>\n<!-- \/ Yoast SEO plugin. -->","yoast_head_json":{"title":"Alles \u00fcber Anlageberatung und Buchhaltung | Ivoconta - Azoren","description":"Wenn Sie mehr \u00fcber Buchhaltung, Anlageberatung und Personalwesen erfahren m\u00f6chten, sind Sie hier genau richtig! Sprechen Sie uns an.","robots":{"index":"index","follow":"follow","max-snippet":"max-snippet:-1","max-image-preview":"max-image-preview:large","max-video-preview":"max-video-preview:-1"},"canonical":"https:\/\/ivoconta.pt\/de\/nachricht\/","og_locale":"de_DE","og_type":"article","og_title":"Alles \u00fcber Anlageberatung und Buchhaltung | Ivoconta - Azoren","og_description":"Wenn Sie mehr \u00fcber Buchhaltung, Anlageberatung und Personalwesen erfahren m\u00f6chten, sind Sie hier genau richtig! Sprechen Sie uns an.","og_url":"https:\/\/ivoconta.pt\/de\/nachricht\/","og_site_name":"Ivoconta","article_publisher":"https:\/\/www.facebook.com\/ivoconta.contabilidade","article_modified_time":"2023-03-17T14:30:58+00:00","og_image":[{"width":1440,"height":458,"url":"https:\/\/ivoconta.pt\/wp-content\/uploads\/2023\/02\/iStock-1189010351-1-1.png","type":"image\/png"}],"twitter_card":"summary_large_image","twitter_misc":{"Gesch\u00e4tzte Lesezeit":"1 Minute"},"schema":{"@context":"https:\/\/schema.org","@graph":[{"@type":"WebPage","@id":"https:\/\/ivoconta.pt\/de\/nachricht\/","url":"https:\/\/ivoconta.pt\/de\/nachricht\/","name":"Alles \u00fcber Anlageberatung und Buchhaltung | Ivoconta - Azoren","isPartOf":{"@id":"https:\/\/ivoconta.pt\/#website"},"datePublished":"2023-02-20T23:11:16+00:00","dateModified":"2023-03-17T14:30:58+00:00","description":"Wenn Sie mehr \u00fcber Buchhaltung, Anlageberatung und Personalwesen erfahren m\u00f6chten, sind Sie hier genau richtig! Sprechen Sie uns an.","breadcrumb":{"@id":"https:\/\/ivoconta.pt\/de\/nachricht\/#breadcrumb"},"inLanguage":"de-DE","potentialAction":[{"@type":"ReadAction","target":["https:\/\/ivoconta.pt\/de\/nachricht\/"]}]},{"@type":"BreadcrumbList","@id":"https:\/\/ivoconta.pt\/de\/nachricht\/#breadcrumb","itemListElement":[{"@type":"ListItem","position":1,"name":"In\u00edcio","item":"https:\/\/ivoconta.pt\/de\/"},{"@type":"ListItem","position":2,"name":"Nachricht"}]},{"@type":"WebSite","@id":"https:\/\/ivoconta.pt\/#website","url":"https:\/\/ivoconta.pt\/","name":"Ivoconta","description":"Ivoconta","publisher":{"@id":"https:\/\/ivoconta.pt\/#organization"},"potentialAction":[{"@type":"SearchAction","target":{"@type":"EntryPoint","urlTemplate":"https:\/\/ivoconta.pt\/?s={search_term_string}"},"query-input":"required name=search_term_string"}],"inLanguage":"de-DE"},{"@type":"Organization","@id":"https:\/\/ivoconta.pt\/#organization","name":"Ivoconta","url":"https:\/\/ivoconta.pt\/","logo":{"@type":"ImageObject","inLanguage":"de-DE","@id":"https:\/\/ivoconta.pt\/#\/schema\/logo\/image\/","url":"https:\/\/ivoconta.pt\/wp-content\/uploads\/2023\/02\/Design-sem-nome-4.png","contentUrl":"https:\/\/ivoconta.pt\/wp-content\/uploads\/2023\/02\/Design-sem-nome-4.png","width":1080,"height":1080,"caption":"Ivoconta"},"image":{"@id":"https:\/\/ivoconta.pt\/#\/schema\/logo\/image\/"},"sameAs":["https:\/\/www.facebook.com\/ivoconta.contabilidade","https:\/\/www.linkedin.com\/company\/ivoconta-contabilidade-e-servios-lda"]}]}},"_links":{"self":[{"href":"https:\/\/ivoconta.pt\/de\/wp-json\/wp\/v2\/pages\/1007"}],"collection":[{"href":"https:\/\/ivoconta.pt\/de\/wp-json\/wp\/v2\/pages"}],"about":[{"href":"https:\/\/ivoconta.pt\/de\/wp-json\/wp\/v2\/types\/page"}],"author":[{"embeddable":true,"href":"https:\/\/ivoconta.pt\/de\/wp-json\/wp\/v2\/users\/1"}],"replies":[{"embeddable":true,"href":"https:\/\/ivoconta.pt\/de\/wp-json\/wp\/v2\/comments?post=1007"}],"version-history":[{"count":13,"href":"https:\/\/ivoconta.pt\/de\/wp-json\/wp\/v2\/pages\/1007\/revisions"}],"predecessor-version":[{"id":3238,"href":"https:\/\/ivoconta.pt\/de\/wp-json\/wp\/v2\/pages\/1007\/revisions\/3238"}],"wp:featuredmedia":[{"embeddable":true,"href":"https:\/\/ivoconta.pt\/de\/wp-json\/wp\/v2\/media\/680"}],"wp:attachment":[{"href":"https:\/\/ivoconta.pt\/de\/wp-json\/wp\/v2\/media?parent=1007"}],"curies":[{"name":"wp","href":"https:\/\/api.w.org\/{rel}","templated":true}]}}