{"id":1100,"date":"2023-02-21T16:03:29","date_gmt":"2023-02-21T16:03:29","guid":{"rendered":"https:\/\/ivoconta.pt\/?page_id=1100"},"modified":"2023-03-10T13:59:53","modified_gmt":"2023-03-10T13:59:53","slug":"terminos-y-condiciones","status":"publish","type":"page","link":"https:\/\/ivoconta.pt\/es\/terminos-y-condiciones\/","title":{"rendered":"T\u00e9rminos y Condiciones"},"content":{"rendered":"\t\t<div data-elementor-type=\"wp-page\" data-elementor-id=\"1100\" class=\"elementor elementor-1100 elementor-702\">\n\t\t\t\t\t\t\t\t\t<section class=\"penci-section penci-disSticky penci-structure-10 elementor-section elementor-top-section elementor-element elementor-element-9017048 elementor-section-height-min-height elementor-section-boxed elementor-section-height-default elementor-section-items-middle\" data-id=\"9017048\" data-element_type=\"section\" data-settings=\"{&quot;background_background&quot;:&quot;classic&quot;}\">\n\t\t\t\t\t\t\t<div class=\"elementor-background-overlay\"><\/div>\n\t\t\t\t\t\t\t<div class=\"elementor-container elementor-column-gap-default\">\n\t\t\t\t\t<div class=\"penci-ercol-100 penci-ercol-order-1 penci-sticky-ct  elementor-column elementor-col-100 elementor-top-column elementor-element elementor-element-a183244\" data-id=\"a183244\" data-element_type=\"column\">\n\t\t\t<div class=\"elementor-widget-wrap elementor-element-populated\">\n\t\t\t\t\t\t\t\t<div class=\"elementor-element elementor-element-1f22085 elementor-widget elementor-widget-heading\" data-id=\"1f22085\" data-element_type=\"widget\" data-widget_type=\"heading.default\">\n\t\t\t\t<div class=\"elementor-widget-container\">\n\t\t\t<style>\/*! elementor - v3.11.1 - 15-02-2023 *\/\n.elementor-heading-title{padding:0;margin:0;line-height:1}.elementor-widget-heading .elementor-heading-title[class*=elementor-size-]>a{color:inherit;font-size:inherit;line-height:inherit}.elementor-widget-heading .elementor-heading-title.elementor-size-small{font-size:15px}.elementor-widget-heading .elementor-heading-title.elementor-size-medium{font-size:19px}.elementor-widget-heading .elementor-heading-title.elementor-size-large{font-size:29px}.elementor-widget-heading .elementor-heading-title.elementor-size-xl{font-size:39px}.elementor-widget-heading .elementor-heading-title.elementor-size-xxl{font-size:59px}<\/style><h2 class=\"elementor-heading-title elementor-size-default\">T\u00e9rminos y Condiciones<\/h2>\t\t<\/div>\n\t\t\t\t<\/div>\n\t\t\t\t\t<\/div>\n\t\t<\/div>\n\t\t\t\t\t\t\t<\/div>\n\t\t<\/section>\n\t\t\t\t<section class=\"penci-section penci-disSticky penci-structure-10 elementor-section elementor-top-section elementor-element elementor-element-eb9711d elementor-section-boxed elementor-section-height-default elementor-section-height-default\" data-id=\"eb9711d\" data-element_type=\"section\">\n\t\t\t\t\t\t<div class=\"elementor-container elementor-column-gap-default\">\n\t\t\t\t\t<div class=\"penci-ercol-100 penci-ercol-order-1 penci-sticky-ct  elementor-column elementor-col-100 elementor-top-column elementor-element elementor-element-942f435\" data-id=\"942f435\" data-element_type=\"column\">\n\t\t\t<div class=\"elementor-widget-wrap elementor-element-populated\">\n\t\t\t\t\t\t\t\t<div class=\"elementor-element elementor-element-fc266ad elementor-widget elementor-widget-text-editor\" data-id=\"fc266ad\" data-element_type=\"widget\" data-widget_type=\"text-editor.default\">\n\t\t\t\t<div class=\"elementor-widget-container\">\n\t\t\t<style>\/*! elementor - v3.11.1 - 15-02-2023 *\/\n.elementor-widget-text-editor.elementor-drop-cap-view-stacked .elementor-drop-cap{background-color:#818a91;color:#fff}.elementor-widget-text-editor.elementor-drop-cap-view-framed .elementor-drop-cap{color:#818a91;border:3px solid;background-color:transparent}.elementor-widget-text-editor:not(.elementor-drop-cap-view-default) .elementor-drop-cap{margin-top:8px}.elementor-widget-text-editor:not(.elementor-drop-cap-view-default) .elementor-drop-cap-letter{width:1em;height:1em}.elementor-widget-text-editor .elementor-drop-cap{float:left;text-align:center;line-height:1;font-size:50px}.elementor-widget-text-editor .elementor-drop-cap-letter{display:inline-block}<\/style>\t\t\t\t<p style=\"font-weight: 400\"><strong>T\u00e9rminos de Uso | Condiciones Generales<\/strong><\/p>\n<p style=\"font-weight: 400\"><strong>DECLARACI\u00d3N Y ACEPTACI\u00d3N DE LAS CONDICIONES GENERALES<\/strong><\/p>\n<p style=\"font-weight: 400\"><strong>\u00a0<\/strong><\/p>\n<ol style=\"font-weight: 400\">\n<li><strong>Condiciones Generales\u00a0<\/strong><\/li>\n<\/ol>\n<p style=\"font-weight: 400\"><strong>\u00a0<\/strong><\/p>\n<p style=\"font-weight: 400\">1.1. La empresa Ivoconta \u2013 Contabilidade e Servi\u00e7os, Lda, con sede en Avenida Pa\u00e7o do Milhafre N\u00ba 32 , R\/C, Esq\u00ba 9760-423 Praia da Vit\u00f3ria, entidad legal n.\u00ba 512 051\u00a0925 es responsable del sitio web www.ivoconta.pt.<\/p>\n<p style=\"font-weight: 400\">1.2. El usuario se manifiesta a aceptar y actuar en conformidad con los T\u00e9rminos y Condiciones de Uso descritos aqu\u00ed, as\u00ed como con todas sus modificaciones futuras, utilizando el servicio proporcionado por Ivoconta \u2013 Contabilidade e Servi\u00e7os, Lda \u00a0en este sitio.<\/p>\n<p style=\"font-weight: 400\">1.3. En los t\u00e9rminos y condiciones mencionados aqu\u00ed, siempre que se utilicen los t\u00e9rminos \u201cnosotros\u201d o \u201cnuestro\u201d, nos referimos a Ivoconta \u2013 Contabilidade e Servi\u00e7os, Lda \u00a0o www.ivoconta.pt. Siempre que usamos \u201custed\u201d o \u201csu\u201d, no referimos a cualquier persona que use www.ivoconta.pt.<\/p>\n<p style=\"font-weight: 400\">1.4. Al acceder y utilizar este sitio web est\u00e1 sujeto a los siguientes T\u00e9rminos y Condiciones de Uso, bien c\u00f3mo \u00e0 nuestra Pol\u00edtica de Privacidad. Al navegar por el s\u00edtio web, usted acepta cumplir con estos T\u00e9rminos y Condiciones y Pol\u00edtica de Privacidad. Si no est\u00e1 de acuerdo con el contenido, no se le permite acceder y utilizar el sitio web, teniendo que terminar el acceso y\/o su uso.<\/p>\n<p style=\"font-weight: 400\">1.5. El cliente debe leer con cuidado los T\u00e9rminos y Condiciones cada vez que acceda al sitio web.<\/p>\n<p style=\"font-weight: 400\">1.6. Si viola alguno de los t\u00e9rminos incluidos en este documento, su derecho a acceder y utilizar este sitio web se rescindir\u00e1 inmediatamente.<\/p>\n<p style=\"font-weight: 400\">1.7. El contenido de este sitio est\u00e1 protegido por derechos de autor y es propiedad de Ivoconta \u2013 Contabilidade e Servi\u00e7os, Lda. No est\u00e1 permitido usarlo de ninguna manera sin nuestro consentimiento.<\/p>\n<ol style=\"font-weight: 400\">\n<li><strong>Presupuesto<\/strong><\/li>\n<\/ol>\n<p style=\"font-weight: 400\"><strong>\u00a0<\/strong><\/p>\n<p style=\"font-weight: 400\">2.1. Cualquier presupuesto enviado es v\u00e1lido por 30 d\u00edas a partir de la fecha de env\u00edo, y puede estar sujeto a revisi\u00f3n despu\u00e9s de esta fecha l\u00edmite.<\/p>\n<p style=\"font-weight: 400\">2.2. En caso de error en el presupuesto enviado, Ivoconta \u2013 Contabilidade e Servi\u00e7os, Lda se reserva el derecho, durante su validez, de rectificarlo.<\/p>\n<p style=\"font-weight: 400\">2.3. Cualquier cambio a petici\u00f3n, servicio o gasto del cliente que no se haya expresado en el presupuesto inicial tiene un costo adicional.<\/p>\n<ol style=\"font-weight: 400\">\n<li><strong>Derechos de autor, Propiedad y\u00a0Copyright<\/strong><\/li>\n<\/ol>\n<p style=\"font-weight: 400\">3.1. Todo el contenido de este sitio web, que incluye texto, dise\u00f1o, ilustraciones, logotipos, video, audio, fotograf\u00edas y otros elementos, est\u00e1n protegidos por la ley bajo el C\u00f3digo de Derechos de Autor y Derechos Conexos. Usted no puede mostrar, reproducir, distribuir, modificar, transmitir o utilizar el contenido de ninguna manera para ning\u00fan prop\u00f3sito p\u00fablico o comercial sin nuestro consentimiento previo y expreso por escrito.<\/p>\n<p style=\"font-weight: 400\">3.2. Los contenidos de este sitio est\u00e1n protegidos por derechos de autor y derechos conexos, derechos de propiedad industrial, la Ley de delitos inform\u00e1ticos y son propiedad de Ivoconta \u2013 Contabilidade e Servi\u00e7os, Lda.<\/p>\n<p style=\"font-weight: 400\">3.3. Los derechos de autor de la obra solo ser\u00e1n propiedad del cliente, cuando se completen, aprueben y paguen en su totalidad.<\/p>\n<p style=\"font-weight: 400\">3.4. Nos reservamos el derecho de no proporcionar al cliente los archivos editables, fuentes u otras herramientas y software necesarios para la producci\u00f3n de las obras.<\/p>\n<p style=\"font-weight: 400\">3.5. Ivoconta \u2013 Contabilidade e Servi\u00e7os, Lda se reserva el derecho de emprender acciones legales contra los autores de cualquier copia, reproducci\u00f3n, difusi\u00f3n o explotaci\u00f3n comercial no autorizada de textos, dise\u00f1os, ilustraciones, logotipos, videos, audio, fotograf\u00edas y otros elementos, que no hayan sido objeto de transmisi\u00f3n de propiedad al cliente.<\/p>\n<p style=\"font-weight: 400\">3.6. El cliente es responsable por garantizar que los materiales que proporciona para la ejecuci\u00f3n de las obras no infrinjan ning\u00fan derecho de autor o derechos de propiedad industrial de terceros y de cualquier da\u00f1o causado a Ivoconta \u2013 Contabilidade e Servi\u00e7os, Lda, por el uso indebido de los mismos.<\/p>\n<ol style=\"font-weight: 400\">\n<li><strong>Resoluci\u00f3n de disputas en l\u00ednea<\/strong><\/li>\n<\/ol>\n<p style=\"font-weight: 400\"><strong>\u00a0<\/strong><\/p>\n<p style=\"font-weight: 400\">La Uni\u00f3n Europea ha creado un sitio web para ayudar a los consumidores a presentar sus quejas sobre cualquier disputa en la que est\u00e9n involucrados. En este contexto, Ivoconta \u2013 Contabilidade e Servi\u00e7os, Lda proporciona toda la informaci\u00f3n para que pueda ejercer su derecho de queja ante una entidad oficial, tercera e imparcial ante el proceso (\u00abentidad de resoluci\u00f3n de disputas\u00bb) que le ayudar\u00e1 a resolver la disputa en cuesti\u00f3n.<\/p>\n<p style=\"font-weight: 400\">Por lo tanto, si no estaba satisfecho con la adquisici\u00f3n de un bien o servicio en nuestro sitio web, o con la soluci\u00f3n presentada por nosotros para resolver la situaci\u00f3n, puede acceder a este sitio web oficial https:\/\/ec.europa.eu\/consumers\/odr\/main\/index.cfm? event=main.home2.show&amp;lng=ES y expone tu desaf\u00edo.<\/p>\n<p style=\"font-weight: 400\"><strong>4.1. \u00bfQu\u00e9 es la resoluci\u00f3n alternativa de disputas?<\/strong><\/p>\n<p style=\"font-weight: 400\">La resoluci\u00f3n alternativa de disputas es la posibilidad que todos los consumidores tengan a su disposici\u00f3n para apelar y las entidades oficiales que los ayudan en la resoluci\u00f3n u orientaci\u00f3n de cualquier conflicto antes de iniciar procedimientos de litigio en los tribunales.<\/p>\n<p style=\"font-weight: 400\">Como regla general, el procedimiento es el siguiente: el cliente pide a un tercero imparcial que intervenga como intermediario entre \u00e9l y el comerciante que es el objetivo de su queja. El intermediario puede sugerir una soluci\u00f3n a su queja, imponer una soluci\u00f3n a ambas partes o reunir a las partes para encontrar una soluci\u00f3n.<\/p>\n<p style=\"font-weight: 400\">Puede conocer el concepto de resoluci\u00f3n alternativa de disputas con otro nombre: \u00abmediaci\u00f3n\u00bb, \u00abconciliaci\u00f3n\u00bb, \u00abarbitraje\u00bb o \u00abcomit\u00e9 competente en disputas de consumo\u00bb.<\/p>\n<p style=\"font-weight: 400\">La resoluci\u00f3n alternativa de disputas es, por regla general, menos costosa, menos formal y m\u00e1s r\u00e1pida que los medios judiciales.<\/p>\n<p style=\"font-weight: 400\">Sugerencias de entidades alternativas de resoluci\u00f3n de disputas:<\/p>\n<p style=\"font-weight: 400\">CNIACC \u2013 Centro Nacional de Informaci\u00f3n y Arbitraje de Conflictos de Consumo<\/p>\n<p style=\"font-weight: 400\">http:\/\/www.arbitragemdeconsumo.org\/<\/p>\n<p style=\"font-weight: 400\">Centro de Arbitraje de Conflictos de Consumo de Lisboa<\/p>\n<p style=\"font-weight: 400\">http:\/\/www.centroarbitragemlisboa.pt\/<\/p>\n<p style=\"font-weight: 400\">Centro de Arbitraje de Conflictos de Consumo Vale do Ave\/Tribunal Arbitral<\/p>\n<p style=\"font-weight: 400\"><a href=\"https:\/\/www.triave.pt\/\">Home<\/a><\/p>\n<p style=\"font-weight: 400\">CIAB \u2013 Centro de Informaci\u00f3n al Consumidor, Mediaci\u00f3n y Arbitraje (Tribunal de Arbitraje del Consumidor)<\/p>\n<p style=\"font-weight: 400\">http:\/\/www.ciab.pt\/en\/<\/p>\n<p style=\"font-weight: 400\">CIMPAS \u2013 Centro del Defensor del Pueblo de Informaci\u00f3n, Mediaci\u00f3n y Seguros<\/p>\n<p style=\"font-weight: 400\">https:\/\/www.cimpas.pt\/<\/p>\n<ol style=\"font-weight: 400\">\n<li><strong>Uso permitido\/Actividades prohibidas<\/strong><\/li>\n<\/ol>\n<p style=\"font-weight: 400\"><strong>\u00a0<\/strong><\/p>\n<p style=\"font-weight: 400\">El acceso y uso de este sitio web para funciones personales y no comerciales solo est\u00e1 permitido, es decir, que el sitio solo deba ser accedido y utilizado por particulares o por una empresa que desee adquirir nuestros servicios\/productos o empresa en su nombre.<\/p>\n<p style=\"font-weight: 400\">Cualquier actividad que consideremos inapropiada y\/o que pueda ser ilegal bajo la ley aplicable a este sitio web, incluyendo, pero no limitado a:<\/p>\n<p style=\"font-weight: 400\">5.1. Herir, abusar, difamar, amenazar u hostigar a otra persona o empresa, o de una manera que invada la privacidad de otra persona, o que sea obscena, ofensiva, odiosa, indecente, inapropiada, objetable, inaceptable, discriminatoria o da\u00f1ina.<\/p>\n<p style=\"font-weight: 400\">5.2. Acciones que pueden constituir una violaci\u00f3n de la privacidad, como el env\u00edo de informaci\u00f3n privada a este sitio sin el consentimiento de la persona afectada o cualquier otro derecho legal de las personas.<\/p>\n<p style=\"font-weight: 400\">5.3. Enviar a este sitio archivos que contengan virus que puedan causar da\u00f1os a la propiedad de Ivoconta \u2013 Contabilidade e Servi\u00e7os, Lda. o a la propiedad de individuos o modificar o revertir la ingenier\u00eda de cualquier parte del sitio web.<\/p>\n<p style=\"font-weight: 400\">5.4. Utilice cualquier tipo de c\u00f3digo autom\u00e1tico de computadora, proceso, programa, robot, rastreador de Internet, ara\u00f1a, procesador de datos, arrastre o raspado de pantalla alternativas a los c\u00f3digos de computadora, proceso, programa o sistema.<\/p>\n<p style=\"font-weight: 400\">5.5. El uso del sitio con fines ilegales o cualquier otro prop\u00f3sito que pueda considerarse indigno de nuestra imagen est\u00e1 expresamente prohibido. La usurpaci\u00f3n, falsificaci\u00f3n, uso de contenido usurpado o falsificado, identificaci\u00f3n ileg\u00edtima y competencia desleal son penalmente punibles.<\/p>\n<ol style=\"font-weight: 400\">\n<li><strong>Contenido y Garantias\u00a0<\/strong><\/li>\n<\/ol>\n<p style=\"font-weight: 400\">6.1. La informaci\u00f3n de este sitio ha sido incluida de buena fe y sirve exclusivamente para informaci\u00f3n general, y su uso es responsabilidad exclusiva del usuario.<\/p>\n<p style=\"font-weight: 400\">6.2. Este sitio web y su contenido se proporcionan sin garant\u00edas de ning\u00fan tipo, es decir, no se da ninguna garant\u00eda de que el acceso a este sitio web sea ininterrumpido o libre de errores, libre de virus u otro material da\u00f1ino, o que la informaci\u00f3n en este sitio web sea completa, precisa u oportuna.<\/p>\n<p style=\"font-weight: 400\">6.3. Ivoconta \u2013 Contabilidade e Servi\u00e7os, Lda se reserva el derecho de realizar cambios y correcciones, suspender o terminar el sitio cuando se considere apropiado y sin previo aviso.<\/p>\n<p style=\"font-weight: 400\">6.4. Ivoconta \u2013 Contabilidade e Servi\u00e7os, Lda no filtra ni supervisa previamente el contenido transmitido a este sitio web por terceros y no es responsable de filtrar o monitorear dicho contenido.<\/p>\n<p style=\"font-weight: 400\">6.5. Si se le notifica, Ivoconta \u2013 Contabilidade e Servi\u00e7os, Lda puede investigar una reclamaci\u00f3n de que el contenido transmitido a este sitio web viola los T\u00e9rminos y Condiciones y puede determinar si har\u00e1 que la informaci\u00f3n se elimine de este sitio web.<\/p>\n<p style=\"font-weight: 400\">6.6. Ivoconta \u2013 Contabilidade e Servi\u00e7os, Lda no asume ninguna responsabilidad por cualquier acci\u00f3n o contenido transmitido por o entre usted o cualquier tercero dentro o fuera de este sitio web.<\/p>\n<ol style=\"font-weight: 400\">\n<li><strong>Responsabilidad, Uso y Riesgo\u00a0<\/strong><\/li>\n<\/ol>\n<p style=\"font-weight: 400\">7.1. La forma en que utiliza este sitio y el contenido presente en \u00e9l es \u00fanicamente su responsabilidad y riesgo.<\/p>\n<p style=\"font-weight: 400\">7.2. Ivoconta \u2013 Contabilidade e Servi\u00e7os, Lda y todos sus tutores legales, directores, empleados y agentes, as\u00ed como cualquier otra parte involucrada en la creaci\u00f3n, producci\u00f3n, mantenimiento o implementaci\u00f3n de este sitio web, no ser\u00e1n responsables ante ning\u00fan usuario del sitio web por cualquier posible da\u00f1o, p\u00e9rdida o lesi\u00f3n (incluyendo cualquier p\u00e9rdida de lucro cesante y p\u00e9rdida moral, indirecta, accidental o consecuente) que surja del uso correcto o incorrecto de este sitio web y su contenido, del acceso al ordenador o sistema inform\u00e1tico del usuario por parte de terceros, virus, etc.<\/p>\n<p style=\"font-weight: 400\">Este Sitio contiene enlaces a sitios web de terceros. Estos enlaces se proporcionan \u00fanicamente para la comodidad y accesibilidad del usuario. No respaldamos el contenido de ninguno de estos sitios web de terceros y no somos responsables del contenido de ninguno de estos sitios. El acceso y la visita a cualquiera de estos sitios de terceros son bajo el \u00fanico riesgo del usuario.<\/p>\n<ol style=\"font-weight: 400\">\n<li><strong>Jurisdicci\u00f3n y Legislaci\u00f3n Aplicables\u00a0<\/strong><\/li>\n<\/ol>\n<p style=\"font-weight: 400\"><strong>\u00a0<\/strong><\/p>\n<p style=\"font-weight: 400\">Ivoconta \u2013 Contabilidade e Servi\u00e7os, Lda y el usuario de este sitio aceptan, sin reservas, que cualquier disputa o disputa resultante del uso de este sitio se regir\u00e1 por la ley portuguesa.<\/p>\n<p style=\"font-weight: 400\">\u00daltima actualizaci\u00f3n: 17\/02\/2023<\/p>\n<p style=\"font-weight: 400\">\u00a0<\/p>\n\t\t\t\t\t\t<\/div>\n\t\t\t\t<\/div>\n\t\t\t\t\t<\/div>\n\t\t<\/div>\n\t\t\t\t\t\t\t<\/div>\n\t\t<\/section>\n\t\t\t\t\t\t\t<\/div>\n\t\t","protected":false},"excerpt":{"rendered":"","protected":false},"author":1,"featured_media":683,"parent":0,"menu_order":0,"comment_status":"closed","ping_status":"closed","template":"elementor_header_footer","meta":[],"acf":[],"yoast_head":"<!-- This site is optimized with the Yoast SEO plugin v20.1 - https:\/\/yoast.com\/wordpress\/plugins\/seo\/ -->\n<title>T\u00e9rminos y Condiciones | Ivoconta - Contabilidad y Servicios<\/title>\n<meta name=\"description\" content=\"Por favor, antes de entrar en nuestro sitio web lea atentamente nuestros t\u00e9rminos y condiciones. Aqu\u00ed valoramos su privacidad.\" \/>\n<meta name=\"robots\" content=\"index, follow, max-snippet:-1, max-image-preview:large, max-video-preview:-1\" \/>\n<link rel=\"canonical\" href=\"https:\/\/ivoconta.pt\/es\/terminos-y-condiciones\/\" \/>\n<meta property=\"og:locale\" content=\"es_ES\" \/>\n<meta property=\"og:type\" content=\"article\" \/>\n<meta property=\"og:title\" content=\"T\u00e9rminos y Condiciones | Ivoconta - Contabilidad y Servicios\" \/>\n<meta property=\"og:description\" content=\"Por favor, antes de entrar en nuestro sitio web lea atentamente nuestros t\u00e9rminos y condiciones. Aqu\u00ed valoramos su privacidad.\" \/>\n<meta property=\"og:url\" content=\"https:\/\/ivoconta.pt\/es\/terminos-y-condiciones\/\" \/>\n<meta property=\"og:site_name\" content=\"Ivoconta\" \/>\n<meta property=\"article:publisher\" content=\"https:\/\/www.facebook.com\/ivoconta.contabilidade\" \/>\n<meta property=\"article:modified_time\" content=\"2023-03-10T13:59:53+00:00\" \/>\n<meta property=\"og:image\" content=\"https:\/\/ivoconta.pt\/wp-content\/uploads\/2023\/02\/iStock-1189010351-1-1.png\" \/>\n\t<meta property=\"og:image:width\" content=\"1440\" \/>\n\t<meta property=\"og:image:height\" content=\"458\" \/>\n\t<meta property=\"og:image:type\" content=\"image\/png\" \/>\n<meta name=\"twitter:card\" content=\"summary_large_image\" \/>\n<meta name=\"twitter:label1\" content=\"Tiempo de lectura\" \/>\n\t<meta name=\"twitter:data1\" content=\"8 minutos\" \/>\n<script type=\"application\/ld+json\" class=\"yoast-schema-graph\">{\"@context\":\"https:\/\/schema.org\",\"@graph\":[{\"@type\":\"WebPage\",\"@id\":\"https:\/\/ivoconta.pt\/es\/terminos-y-condiciones\/\",\"url\":\"https:\/\/ivoconta.pt\/es\/terminos-y-condiciones\/\",\"name\":\"T\u00e9rminos y Condiciones | Ivoconta - Contabilidad y Servicios\",\"isPartOf\":{\"@id\":\"https:\/\/ivoconta.pt\/#website\"},\"datePublished\":\"2023-02-21T16:03:29+00:00\",\"dateModified\":\"2023-03-10T13:59:53+00:00\",\"description\":\"Por favor, antes de entrar en nuestro sitio web lea atentamente nuestros t\u00e9rminos y condiciones. Aqu\u00ed valoramos su privacidad.\",\"breadcrumb\":{\"@id\":\"https:\/\/ivoconta.pt\/es\/terminos-y-condiciones\/#breadcrumb\"},\"inLanguage\":\"es\",\"potentialAction\":[{\"@type\":\"ReadAction\",\"target\":[\"https:\/\/ivoconta.pt\/es\/terminos-y-condiciones\/\"]}]},{\"@type\":\"BreadcrumbList\",\"@id\":\"https:\/\/ivoconta.pt\/es\/terminos-y-condiciones\/#breadcrumb\",\"itemListElement\":[{\"@type\":\"ListItem\",\"position\":1,\"name\":\"In\u00edcio\",\"item\":\"https:\/\/ivoconta.pt\/es\/\"},{\"@type\":\"ListItem\",\"position\":2,\"name\":\"T\u00e9rminos y Condiciones\"}]},{\"@type\":\"WebSite\",\"@id\":\"https:\/\/ivoconta.pt\/#website\",\"url\":\"https:\/\/ivoconta.pt\/\",\"name\":\"Ivoconta\",\"description\":\"Ivoconta\",\"publisher\":{\"@id\":\"https:\/\/ivoconta.pt\/#organization\"},\"potentialAction\":[{\"@type\":\"SearchAction\",\"target\":{\"@type\":\"EntryPoint\",\"urlTemplate\":\"https:\/\/ivoconta.pt\/?s={search_term_string}\"},\"query-input\":\"required name=search_term_string\"}],\"inLanguage\":\"es\"},{\"@type\":\"Organization\",\"@id\":\"https:\/\/ivoconta.pt\/#organization\",\"name\":\"Ivoconta\",\"url\":\"https:\/\/ivoconta.pt\/\",\"logo\":{\"@type\":\"ImageObject\",\"inLanguage\":\"es\",\"@id\":\"https:\/\/ivoconta.pt\/#\/schema\/logo\/image\/\",\"url\":\"https:\/\/ivoconta.pt\/wp-content\/uploads\/2023\/02\/Design-sem-nome-4.png\",\"contentUrl\":\"https:\/\/ivoconta.pt\/wp-content\/uploads\/2023\/02\/Design-sem-nome-4.png\",\"width\":1080,\"height\":1080,\"caption\":\"Ivoconta\"},\"image\":{\"@id\":\"https:\/\/ivoconta.pt\/#\/schema\/logo\/image\/\"},\"sameAs\":[\"https:\/\/www.facebook.com\/ivoconta.contabilidade\",\"https:\/\/www.linkedin.com\/company\/ivoconta-contabilidade-e-servios-lda\"]}]}<\/script>\n<!-- \/ Yoast SEO plugin. -->","yoast_head_json":{"title":"T\u00e9rminos y Condiciones | Ivoconta - Contabilidad y Servicios","description":"Por favor, antes de entrar en nuestro sitio web lea atentamente nuestros t\u00e9rminos y condiciones. Aqu\u00ed valoramos su privacidad.","robots":{"index":"index","follow":"follow","max-snippet":"max-snippet:-1","max-image-preview":"max-image-preview:large","max-video-preview":"max-video-preview:-1"},"canonical":"https:\/\/ivoconta.pt\/es\/terminos-y-condiciones\/","og_locale":"es_ES","og_type":"article","og_title":"T\u00e9rminos y Condiciones | Ivoconta - Contabilidad y Servicios","og_description":"Por favor, antes de entrar en nuestro sitio web lea atentamente nuestros t\u00e9rminos y condiciones. Aqu\u00ed valoramos su privacidad.","og_url":"https:\/\/ivoconta.pt\/es\/terminos-y-condiciones\/","og_site_name":"Ivoconta","article_publisher":"https:\/\/www.facebook.com\/ivoconta.contabilidade","article_modified_time":"2023-03-10T13:59:53+00:00","og_image":[{"width":1440,"height":458,"url":"https:\/\/ivoconta.pt\/wp-content\/uploads\/2023\/02\/iStock-1189010351-1-1.png","type":"image\/png"}],"twitter_card":"summary_large_image","twitter_misc":{"Tiempo de lectura":"8 minutos"},"schema":{"@context":"https:\/\/schema.org","@graph":[{"@type":"WebPage","@id":"https:\/\/ivoconta.pt\/es\/terminos-y-condiciones\/","url":"https:\/\/ivoconta.pt\/es\/terminos-y-condiciones\/","name":"T\u00e9rminos y Condiciones | Ivoconta - Contabilidad y Servicios","isPartOf":{"@id":"https:\/\/ivoconta.pt\/#website"},"datePublished":"2023-02-21T16:03:29+00:00","dateModified":"2023-03-10T13:59:53+00:00","description":"Por favor, antes de entrar en nuestro sitio web lea atentamente nuestros t\u00e9rminos y condiciones. Aqu\u00ed valoramos su privacidad.","breadcrumb":{"@id":"https:\/\/ivoconta.pt\/es\/terminos-y-condiciones\/#breadcrumb"},"inLanguage":"es","potentialAction":[{"@type":"ReadAction","target":["https:\/\/ivoconta.pt\/es\/terminos-y-condiciones\/"]}]},{"@type":"BreadcrumbList","@id":"https:\/\/ivoconta.pt\/es\/terminos-y-condiciones\/#breadcrumb","itemListElement":[{"@type":"ListItem","position":1,"name":"In\u00edcio","item":"https:\/\/ivoconta.pt\/es\/"},{"@type":"ListItem","position":2,"name":"T\u00e9rminos y Condiciones"}]},{"@type":"WebSite","@id":"https:\/\/ivoconta.pt\/#website","url":"https:\/\/ivoconta.pt\/","name":"Ivoconta","description":"Ivoconta","publisher":{"@id":"https:\/\/ivoconta.pt\/#organization"},"potentialAction":[{"@type":"SearchAction","target":{"@type":"EntryPoint","urlTemplate":"https:\/\/ivoconta.pt\/?s={search_term_string}"},"query-input":"required name=search_term_string"}],"inLanguage":"es"},{"@type":"Organization","@id":"https:\/\/ivoconta.pt\/#organization","name":"Ivoconta","url":"https:\/\/ivoconta.pt\/","logo":{"@type":"ImageObject","inLanguage":"es","@id":"https:\/\/ivoconta.pt\/#\/schema\/logo\/image\/","url":"https:\/\/ivoconta.pt\/wp-content\/uploads\/2023\/02\/Design-sem-nome-4.png","contentUrl":"https:\/\/ivoconta.pt\/wp-content\/uploads\/2023\/02\/Design-sem-nome-4.png","width":1080,"height":1080,"caption":"Ivoconta"},"image":{"@id":"https:\/\/ivoconta.pt\/#\/schema\/logo\/image\/"},"sameAs":["https:\/\/www.facebook.com\/ivoconta.contabilidade","https:\/\/www.linkedin.com\/company\/ivoconta-contabilidade-e-servios-lda"]}]}},"_links":{"self":[{"href":"https:\/\/ivoconta.pt\/es\/wp-json\/wp\/v2\/pages\/1100"}],"collection":[{"href":"https:\/\/ivoconta.pt\/es\/wp-json\/wp\/v2\/pages"}],"about":[{"href":"https:\/\/ivoconta.pt\/es\/wp-json\/wp\/v2\/types\/page"}],"author":[{"embeddable":true,"href":"https:\/\/ivoconta.pt\/es\/wp-json\/wp\/v2\/users\/1"}],"replies":[{"embeddable":true,"href":"https:\/\/ivoconta.pt\/es\/wp-json\/wp\/v2\/comments?post=1100"}],"version-history":[{"count":11,"href":"https:\/\/ivoconta.pt\/es\/wp-json\/wp\/v2\/pages\/1100\/revisions"}],"predecessor-version":[{"id":3051,"href":"https:\/\/ivoconta.pt\/es\/wp-json\/wp\/v2\/pages\/1100\/revisions\/3051"}],"wp:featuredmedia":[{"embeddable":true,"href":"https:\/\/ivoconta.pt\/es\/wp-json\/wp\/v2\/media\/683"}],"wp:attachment":[{"href":"https:\/\/ivoconta.pt\/es\/wp-json\/wp\/v2\/media?parent=1100"}],"curies":[{"name":"wp","href":"https:\/\/api.w.org\/{rel}","templated":true}]}}