{"id":1098,"date":"2023-02-21T16:03:29","date_gmt":"2023-02-21T16:03:29","guid":{"rendered":"https:\/\/ivoconta.pt\/?page_id=1098"},"modified":"2023-03-10T14:01:00","modified_gmt":"2023-03-10T14:01:00","slug":"termini-e-condizioni","status":"publish","type":"page","link":"https:\/\/ivoconta.pt\/it\/termini-e-condizioni\/","title":{"rendered":"Termini e Condizioni"},"content":{"rendered":"\t\t<div data-elementor-type=\"wp-page\" data-elementor-id=\"1098\" class=\"elementor elementor-1098 elementor-702\">\n\t\t\t\t\t\t\t\t\t<section class=\"penci-section penci-disSticky penci-structure-10 elementor-section elementor-top-section elementor-element elementor-element-6457cb2 elementor-section-height-min-height elementor-section-boxed elementor-section-height-default elementor-section-items-middle\" data-id=\"6457cb2\" data-element_type=\"section\" data-settings=\"{&quot;background_background&quot;:&quot;classic&quot;}\">\n\t\t\t\t\t\t\t<div class=\"elementor-background-overlay\"><\/div>\n\t\t\t\t\t\t\t<div class=\"elementor-container elementor-column-gap-default\">\n\t\t\t\t\t<div class=\"penci-ercol-100 penci-ercol-order-1 penci-sticky-ct  elementor-column elementor-col-100 elementor-top-column elementor-element elementor-element-bd80d89\" data-id=\"bd80d89\" data-element_type=\"column\">\n\t\t\t<div class=\"elementor-widget-wrap elementor-element-populated\">\n\t\t\t\t\t\t\t\t<div class=\"elementor-element elementor-element-3fb859c elementor-widget elementor-widget-heading\" data-id=\"3fb859c\" data-element_type=\"widget\" data-widget_type=\"heading.default\">\n\t\t\t\t<div class=\"elementor-widget-container\">\n\t\t\t<style>\/*! elementor - v3.11.1 - 15-02-2023 *\/\n.elementor-heading-title{padding:0;margin:0;line-height:1}.elementor-widget-heading .elementor-heading-title[class*=elementor-size-]>a{color:inherit;font-size:inherit;line-height:inherit}.elementor-widget-heading .elementor-heading-title.elementor-size-small{font-size:15px}.elementor-widget-heading .elementor-heading-title.elementor-size-medium{font-size:19px}.elementor-widget-heading .elementor-heading-title.elementor-size-large{font-size:29px}.elementor-widget-heading .elementor-heading-title.elementor-size-xl{font-size:39px}.elementor-widget-heading .elementor-heading-title.elementor-size-xxl{font-size:59px}<\/style><h2 class=\"elementor-heading-title elementor-size-default\">Termini e Condizioni<\/h2>\t\t<\/div>\n\t\t\t\t<\/div>\n\t\t\t\t\t<\/div>\n\t\t<\/div>\n\t\t\t\t\t\t\t<\/div>\n\t\t<\/section>\n\t\t\t\t<section class=\"penci-section penci-disSticky penci-structure-10 elementor-section elementor-top-section elementor-element elementor-element-eb9711d elementor-section-boxed elementor-section-height-default elementor-section-height-default\" data-id=\"eb9711d\" data-element_type=\"section\">\n\t\t\t\t\t\t<div class=\"elementor-container elementor-column-gap-default\">\n\t\t\t\t\t<div class=\"penci-ercol-100 penci-ercol-order-1 penci-sticky-ct  elementor-column elementor-col-100 elementor-top-column elementor-element elementor-element-942f435\" data-id=\"942f435\" data-element_type=\"column\">\n\t\t\t<div class=\"elementor-widget-wrap elementor-element-populated\">\n\t\t\t\t\t\t\t\t<div class=\"elementor-element elementor-element-fc266ad elementor-widget elementor-widget-text-editor\" data-id=\"fc266ad\" data-element_type=\"widget\" data-widget_type=\"text-editor.default\">\n\t\t\t\t<div class=\"elementor-widget-container\">\n\t\t\t<style>\/*! elementor - v3.11.1 - 15-02-2023 *\/\n.elementor-widget-text-editor.elementor-drop-cap-view-stacked .elementor-drop-cap{background-color:#818a91;color:#fff}.elementor-widget-text-editor.elementor-drop-cap-view-framed .elementor-drop-cap{color:#818a91;border:3px solid;background-color:transparent}.elementor-widget-text-editor:not(.elementor-drop-cap-view-default) .elementor-drop-cap{margin-top:8px}.elementor-widget-text-editor:not(.elementor-drop-cap-view-default) .elementor-drop-cap-letter{width:1em;height:1em}.elementor-widget-text-editor .elementor-drop-cap{float:left;text-align:center;line-height:1;font-size:50px}.elementor-widget-text-editor .elementor-drop-cap-letter{display:inline-block}<\/style>\t\t\t\t<p style=\"font-weight: 400\"><strong>TERMINI E CONDIZIONI<\/strong><\/p>\n<ol style=\"font-weight: 400\">\n<li><strong>Condizioni Generali<\/strong><\/li>\n<\/ol>\n<p style=\"font-weight: 400\">1.1. La societ\u00e0 Ivoconta \u2013 Contabilidade e Servi\u00e7os, Lda, con sede in Avenida Pa\u00e7o do Milhafre N\u00ba 32 , R\/C, Esq\u00ba 9760-423 Praia da Vit\u00f3ria, persona giuridica n\u00b0 512 051\u00a0925\u00e8 responsabile del sito web\u00a0www.ivoconta.pt (di seguito \u201csito web\u201d).<\/p>\n<p style=\"font-weight: 400\">1.2. L\u2019utente dichiara di accettare e agire in conformit\u00e0 con i Termini e condizioni d\u2019uso qui descritti, nonch\u00e9 con tutte le sue future modifiche, utilizzando il servizio fornito da Ivoconta \u2013 Contabilidade e Servi\u00e7os, Lda su questo sito web.<\/p>\n<p style=\"font-weight: 400\">1.3 Nei termini e condizioni menzionati nel presente documento, ogni volta che vengono utilizzati i termini \u201cnoi\u201d o \u201cnostro\u201d, ci riferiamo a Ivoconta \u2013 Contabilidade e Servi\u00e7os, Lda o\u00a0www.ivoconta.pt Ogni volta che utilizziamo \u201ctu\u201d o \u201ctuo\u201d, intendiamo noi a chiunque utilizzi\u00a0www.ivoconta.pt.<\/p>\n<p style=\"font-weight: 400\">1.4. Accedendo e utilizzando questo sito Web, sei soggetto ai seguenti Termini e condizioni, nonch\u00e9 alla nostra Informativa sulla privacy. Navigando nel sito web, l\u2019utente accetta di agire in conformit\u00e0 con questi Termini e Condizioni e Privacy Policy. Se non sei d\u2019accordo con il suo contenuto, l\u2019utente non \u00e8 autorizzato ad accedere e utilizzare il sito Web e deve interrompere immediatamente l\u2019accesso e\/o l\u2019utilizzo.<\/p>\n<p style=\"font-weight: 400\">1.5. Il cliente \u00e8 tenuto a leggere attentamente i Termini e Condizioni ogni volta che accede al sito.<\/p>\n<p style=\"font-weight: 400\">1.6. In caso di violazione di uno qualsiasi dei termini inclusi nel presente documento, il diritto di accesso e utilizzo di questo sito Web terminer\u00e0 immediatamente.<\/p>\n<p style=\"font-weight: 400\">1.7. I contenuti di questo sito sono protetti da copyright e sono di propriet\u00e0 di Ivoconta \u2013 Contabilidade e Servi\u00e7os, Lda. Non \u00e8 consentito utilizzarli, in alcun modo, senza il nostro consenso.<\/p>\n<ol style=\"font-weight: 400\">\n<li><strong>Bilancio<\/strong><\/li>\n<\/ol>\n<p style=\"font-weight: 400\">2.1. Qualsiasi preventivo inviato \u00e8 valido per 30 giorni dalla data di invio e pu\u00f2 essere soggetto a revisione dopo tale periodo.<\/p>\n<p style=\"font-weight: 400\">2.2. Nel caso in cui vi sia un errore nel budget inviato, Ivoconta \u2013 Contabilidade e Servi\u00e7os, Lda si riserva il diritto, durante la sua validit\u00e0 (30 giorni), di rettificarlo.<\/p>\n<p style=\"font-weight: 400\">2.3. Qualsiasi modifica su richiesta del cliente, servizio o spesa che non fosse espressa nel preventivo iniziale, ha un costo aggiuntivo.<\/p>\n<ol style=\"font-weight: 400\">\n<li><strong>Diritto d\u2019autore, propriet\u00e0 e diritto d\u2019autore<\/strong><\/li>\n<\/ol>\n<p style=\"font-weight: 400\">3.1. Tutti i contenuti di questo sito Web, che includono testi, design, illustrazioni, loghi, video, audio, fotografie e altri elementi, sono protetti dalla legge, ai sensi del Codice del diritto d\u2019autore e dei diritti connessi. Non \u00e8 consentito visualizzare, riprodurre, distribuire, modificare, trasmettere o utilizzare i contenuti in alcun modo, per scopi pubblici o commerciali, senza il nostro espresso consenso scritto.<\/p>\n<p style=\"font-weight: 400\">3.2. I contenuti di questo sito Web sono protetti da copyright e diritti connessi, diritti di propriet\u00e0 industriale, dalla legge sulla criminalit\u00e0 informatica e sono di propriet\u00e0 di Ivoconta \u2013 Contabilidade e Servi\u00e7os, Lda.<\/p>\n<p style=\"font-weight: 400\">3.3. Il Copyright dell\u2019Opera diventer\u00e0 di propriet\u00e0 del cliente solo una volta finalizzato, approvato e pagato per intero.<\/p>\n<p style=\"font-weight: 400\">3.4. Ci riserviamo il diritto di non fornire al cliente file modificabili, font o altri strumenti e software necessari alla realizzazione delle opere.<\/p>\n<p style=\"font-weight: 400\">3.5. Ivoconta \u2013 Contabilidade e Servi\u00e7os, Lda si riserva il diritto di intraprendere azioni legali contro gli autori di qualsiasi copia, riproduzione, diffusione o sfruttamento commerciale non autorizzati di testi, design, illustrazioni, loghi, video, audio, fotografie e altri elementi che non sono stati soggetti al passaggio di propriet\u00e0 al cliente.<\/p>\n<p style=\"font-weight: 400\">3.6. Il cliente \u00e8 responsabile di garantire che i materiali da lui forniti per l\u2019esecuzione del lavoro non violino alcun diritto di copyright o propriet\u00e0 industriale di terzi e per eventuali danni causati a Ivoconta \u2013 Contabilidade e Servi\u00e7os, Lda, dall\u2019uso improprio dello stesso.<\/p>\n<ol style=\"font-weight: 400\">\n<li><strong>Risoluzione delle controversie online<\/strong><\/li>\n<\/ol>\n<p style=\"font-weight: 400\">L\u2019Unione Europea ha creato un sito web per aiutare i consumatori a presentare i loro reclami in merito a qualsiasi controversia in cui sono coinvolti. In questo contesto, Ivoconta \u2013 Contabilidade e Servi\u00e7os, Lda fornisce tutte le informazioni affinch\u00e9 tu possa esercitare il tuo diritto di presentare reclamo a un\u2019entit\u00e0 ufficiale, terza parte e imparziale nel processo (\u201centit\u00e0 di risoluzione delle controversie\u201d) che ti aiuter\u00e0 a risolvere il problema controversia in questione.<\/p>\n<p style=\"font-weight: 400\">Pertanto, se non sei soddisfatto dell\u2019acquisto di un bene o servizio sul nostro sito Web o della soluzione da noi presentata per risolvere la situazione, puoi accedere a questo sito Web ufficiale\u00a0<a href=\"https:\/\/ec.europa.eu\/consumers\/odr\/main\/index.cfm?event=main.home2.show&amp;lng=PT\">https:\/\/ec.europa.eu\/consumers\/odr\/main\/index.cfm?event=main.home2.show&amp;lng=PT<\/a>\u00a0e dichiara la tua obiezione.<\/p>\n<p style=\"font-weight: 400\">4.1. Cos\u2019\u00e8 la risoluzione alternativa delle controversie?<\/p>\n<p style=\"font-weight: 400\">La risoluzione alternativa delle controversie \u00e8 la possibilit\u00e0 che tutti i consumatori hanno a loro disposizione di appellarsi a organismi ufficiali che li aiutino nella risoluzione, o guida di qualsiasi conflitto, prima di aprire procedimenti contenziosi nei Tribunali.<\/p>\n<p style=\"font-weight: 400\">Come regola generale, la procedura \u00e8 la seguente: il cliente chiede a un terzo imparziale di fare da intermediario tra lui e il commerciante oggetto del suo reclamo. L\u2019intermediario pu\u00f2 suggerire una soluzione al tuo reclamo, imporre una soluzione a entrambe le parti o riunire le parti per trovare una soluzione.<\/p>\n<p style=\"font-weight: 400\">Forse conosci il concetto di risoluzione alternativa delle controversie con un altro nome: \u201cmediazione\u201d, \u201cconciliazione\u201d, \u201carbitrato\u201d o \u201ccommissione competente nel contesto delle controversie dei consumatori\u201d.<\/p>\n<p style=\"font-weight: 400\">La risoluzione alternativa delle controversie \u00e8, di norma, meno costosa, meno formale e pi\u00f9 rapida della via giudiziaria.<\/p>\n<p style=\"font-weight: 400\">Suggerimenti per organismi di risoluzione alternativa delle controversie:<\/p>\n<p style=\"font-weight: 400\">CNIACC \u2013 Centro Nacional de Informa\u00e7\u00e3o e Arbitragem de Conflitos de Consumo<\/p>\n<p style=\"font-weight: 400\"><a href=\"http:\/\/www.arbitragemdeconsumo.org\/\">http:\/\/www.arbitragemdeconsumo.org\/<\/a><\/p>\n<p style=\"font-weight: 400\">Centro de Arbitragem de Conflitos de Consumo de Lisboa<\/p>\n<p style=\"font-weight: 400\"><a href=\"http:\/\/www.centroarbitragemlisboa.pt\/\">http:\/\/www.centroarbitragemlisboa.pt\/<\/a><\/p>\n<p style=\"font-weight: 400\">Centro de Arbitragem de Conflitos de Consumo do Vale do Ave\/Tribunal Arbitral<\/p>\n<p style=\"font-weight: 400\"><a href=\"http:\/\/www.triave.pt\/\">http:\/\/www.triave.pt\/<\/a><\/p>\n<p style=\"font-weight: 400\">CIAB \u2013 Centro de Informa\u00e7\u00e3o, Media\u00e7\u00e3o e Arbitragem de Consumo (Tribunal Arbitral de Consumo)<\/p>\n<p style=\"font-weight: 400\"><a href=\"http:\/\/www.ciab.pt\/pt\/\">http:\/\/www.ciab.pt\/pt\/<\/a><\/p>\n<p style=\"font-weight: 400\">CIMPAS \u2013 Centro de Informa\u00e7\u00e3o, Media\u00e7\u00e3o e Provedoria de Seguros<\/p>\n<p style=\"font-weight: 400\"><a href=\"https:\/\/www.cimpas.pt\/\">https:\/\/www.cimpas.pt\/<\/a><\/p>\n<ol style=\"font-weight: 400\">\n<li><strong>Uso consentito\/Attivit\u00e0 vietate<\/strong><\/li>\n<\/ol>\n<p style=\"font-weight: 400\">L\u2019accesso e l\u2019uso di questo sito Web \u00e8 consentito solo per scopi personali e non commerciali, ovvero l\u2019accesso e l\u2019utilizzo del sito Web devono essere effettuati solo da privati \u200b\u200bo da un\u2019azienda che intende acquistare i nostri servizi\/prodotti o societ\u00e0 per suo conto.<\/p>\n<p style=\"font-weight: 400\">Qualsiasi attivit\u00e0 da noi considerata inappropriata e\/o che potrebbe essere illegale ai sensi della legge applicabile a questo sito Web \u00e8 vietata, tra cui, a titolo esemplificativo ma non esaustivo:<\/p>\n<p style=\"font-weight: 400\">5.1. Ferire, abusare, diffamare, minacciare o molestare un\u2019altra persona o azienda, o in un modo che invada la privacy di un altro, o sia osceno, offensivo, odioso, indecente, inappropriato, discutibile, inaccettabile, discriminatorio o dannoso.<\/p>\n<p style=\"font-weight: 400\">5.2. Azioni che possono costituire una violazione della privacy, come l\u2019invio di informazioni private a questo sito senza il consenso dell\u2019interessato o qualsiasi altro diritto legale delle persone fisiche.<\/p>\n<p style=\"font-weight: 400\">5.3. Invia file a questo sito che contengono virus che possono causare danni alla propriet\u00e0 di Ivoconta \u2013 Contabilidade e Servi\u00e7os, Lda o alla propriet\u00e0 di individui o modificare o decodificare qualsiasi parte del sito web.<\/p>\n<p style=\"font-weight: 400\">5.4. Utilizzare qualsiasi tipo di codice informatico automatico, processo, programma, robot, crawler Internet, spider, elaboratore di dati, drag o screen scraping alternativo al codice, processo, programma o sistema del computer.<\/p>\n<p style=\"font-weight: 400\">5.5. \u00c8 espressamente vietato utilizzare il sito per scopi illegali o per qualsiasi altro scopo che possa essere considerato indegno della nostra immagine. L\u2019usurpazione, la contraffazione, l\u2019utilizzo di contenuti usurpati o contraffatti, l\u2019illegittima identificazione e la concorrenza sleale sono penalmente perseguibili.<\/p>\n<ol style=\"font-weight: 400\">\n<li><strong>Contenuti e garanzie<\/strong><\/li>\n<\/ol>\n<p style=\"font-weight: 400\">6.1. Le informazioni contenute in questo sito Web sono state inserite in buona fede e servono esclusivamente per informazioni generali e il loro utilizzo \u00e8 a rischio esclusivo dell\u2019utente.<\/p>\n<p style=\"font-weight: 400\">6.2. Questo sito Web e i suoi contenuti sono forniti senza garanzie di alcun tipo, vale a dire, non viene fornita alcuna garanzia che l\u2019accesso a questo sito Web sia ininterrotto o privo di errori, privo di virus o altro materiale dannoso o che le informazioni contenute in questo sito Web siano complete, preciso o tempestivo.<\/p>\n<p style=\"font-weight: 400\">6.3. Ivoconta \u2013 Contabilidade e Servi\u00e7os, Lda si riserva il diritto di apportare modifiche e correzioni, sospendere o chiudere il sito quando ritenuto opportuno e senza necessit\u00e0 di alcun preavviso.<\/p>\n<p style=\"font-weight: 400\">6.4. Ivoconta \u2013 Contabilidade e Servi\u00e7os, Lda non filtra o monitora in precedenza il contenuto trasmesso a questo sito Web da terze parti e non \u00e8 responsabile del filtraggio o del monitoraggio di qualsiasi contenuto di questo tipo.<\/p>\n<p style=\"font-weight: 400\">6.5. In caso di notifica, Ivoconta \u2013 Contabilidade e Servi\u00e7os, Lda pu\u00f2 indagare su un\u2019accusa secondo cui il contenuto trasmesso a questo sito Web viola i Termini e condizioni e pu\u00f2 determinare se causare la rimozione delle informazioni da questo sito Web.<\/p>\n<p style=\"font-weight: 400\">6.6. Ivoconta \u2013 Contabilidade e Servi\u00e7os, Lda non si assume alcuna responsabilit\u00e0 per qualsiasi azione o contenuto trasmesso da o tra l\u2019utente o terzi all\u2019interno o all\u2019esterno di questo sito web.<\/p>\n<ol style=\"font-weight: 400\">\n<li><strong>Responsabilit\u00e0, Uso e Rischio<\/strong><\/li>\n<\/ol>\n<p style=\"font-weight: 400\">7.1. Il modo in cui utilizzi questo sito Web e il contenuto su di esso \u00e8 esclusivamente tua responsabilit\u00e0 e rischio.<\/p>\n<p style=\"font-weight: 400\">7.2. Ivoconta \u2013 Contabilidade e Servi\u00e7os, Lda e tutti i suoi tutori legali, direttori, dipendenti e agenti, nonch\u00e9 qualsiasi altra parte coinvolta nella creazione, produzione, manutenzione o implementazione di questo sito Web, non saranno responsabili nei confronti di qualsiasi utente del sito Web, per qualsiasi possibile danno, perdita o lesione (inclusa qualsiasi perdita di profitto e danni morali, indiretti, accidentali o consequenziali) derivanti dall\u2019uso corretto o scorretto di questo sito Web e del suo contenuto, dall\u2019accesso al computer o al sistema informatico dell\u2019utente da parte di terzi, virus , ecc.<\/p>\n<p style=\"font-weight: 400\">Questo Sito contiene collegamenti a siti di terze parti. Questi collegamenti sono forniti esclusivamente per tua comodit\u00e0 e accessibilit\u00e0. Non approviamo il contenuto di nessuno di questi siti Web di terzi e non siamo responsabili per il contenuto di nessuno di questi siti Web. L\u2019accesso e la visita a uno qualsiasi di questi siti Web di terzi \u00e8 a rischio dell\u2019utente.<\/p>\n<ol style=\"font-weight: 400\">\n<li><strong>Giurisdizione e legge applicabile<\/strong><\/li>\n<\/ol>\n<p style=\"font-weight: 400\">Ivoconta \u2013 Contabilidade e Servi\u00e7os, Lda e l\u2019utente di questo sito accettano, senza riserve, che qualsiasi controversia o controversia derivante dall\u2019uso di questo sito sar\u00e0 regolata dalla legge portoghese.<\/p>\n<p style=\"font-weight: 400\">Ultimo aggiornamento il: 17\/02\/2023<\/p>\n<p style=\"font-weight: 400\">\u00a0<\/p>\n\t\t\t\t\t\t<\/div>\n\t\t\t\t<\/div>\n\t\t\t\t\t<\/div>\n\t\t<\/div>\n\t\t\t\t\t\t\t<\/div>\n\t\t<\/section>\n\t\t\t\t\t\t\t<\/div>\n\t\t","protected":false},"excerpt":{"rendered":"","protected":false},"author":1,"featured_media":681,"parent":0,"menu_order":0,"comment_status":"closed","ping_status":"closed","template":"elementor_header_footer","meta":[],"acf":[],"yoast_head":"<!-- This site is optimized with the Yoast SEO plugin v20.1 - https:\/\/yoast.com\/wordpress\/plugins\/seo\/ -->\n<title>Termini e Condizioni | Ivoconta - Contabilit\u00e0 &amp; Servizi, Azzorre<\/title>\n<meta name=\"description\" content=\"Si prega di leggere attentamente i nostri termini e condizioni prima di entrare nel nostro sito web. Qui, apprezziamo la tua privacy.\" \/>\n<meta name=\"robots\" content=\"index, follow, max-snippet:-1, max-image-preview:large, max-video-preview:-1\" \/>\n<link rel=\"canonical\" href=\"https:\/\/ivoconta.pt\/it\/termini-e-condizioni\/\" \/>\n<meta property=\"og:locale\" content=\"it_IT\" \/>\n<meta property=\"og:type\" content=\"article\" \/>\n<meta property=\"og:title\" content=\"Termini e Condizioni | Ivoconta - Contabilit\u00e0 &amp; Servizi, Azzorre\" \/>\n<meta property=\"og:description\" content=\"Si prega di leggere attentamente i nostri termini e condizioni prima di entrare nel nostro sito web. Qui, apprezziamo la tua privacy.\" \/>\n<meta property=\"og:url\" content=\"https:\/\/ivoconta.pt\/it\/termini-e-condizioni\/\" \/>\n<meta property=\"og:site_name\" content=\"Ivoconta\" \/>\n<meta property=\"article:publisher\" content=\"https:\/\/www.facebook.com\/ivoconta.contabilidade\" \/>\n<meta property=\"article:modified_time\" content=\"2023-03-10T14:01:00+00:00\" \/>\n<meta property=\"og:image\" content=\"https:\/\/ivoconta.pt\/wp-content\/uploads\/2023\/02\/iStock-1189010351-1-1.png\" \/>\n\t<meta property=\"og:image:width\" content=\"1440\" \/>\n\t<meta property=\"og:image:height\" content=\"458\" \/>\n\t<meta property=\"og:image:type\" content=\"image\/png\" \/>\n<meta name=\"twitter:card\" content=\"summary_large_image\" \/>\n<meta name=\"twitter:label1\" content=\"Tempo di lettura stimato\" \/>\n\t<meta name=\"twitter:data1\" content=\"9 minuti\" \/>\n<script type=\"application\/ld+json\" class=\"yoast-schema-graph\">{\"@context\":\"https:\/\/schema.org\",\"@graph\":[{\"@type\":\"WebPage\",\"@id\":\"https:\/\/ivoconta.pt\/it\/termini-e-condizioni\/\",\"url\":\"https:\/\/ivoconta.pt\/it\/termini-e-condizioni\/\",\"name\":\"Termini e Condizioni | Ivoconta - Contabilit\u00e0 & Servizi, Azzorre\",\"isPartOf\":{\"@id\":\"https:\/\/ivoconta.pt\/#website\"},\"datePublished\":\"2023-02-21T16:03:29+00:00\",\"dateModified\":\"2023-03-10T14:01:00+00:00\",\"description\":\"Si prega di leggere attentamente i nostri termini e condizioni prima di entrare nel nostro sito web. Qui, apprezziamo la tua privacy.\",\"breadcrumb\":{\"@id\":\"https:\/\/ivoconta.pt\/it\/termini-e-condizioni\/#breadcrumb\"},\"inLanguage\":\"it-IT\",\"potentialAction\":[{\"@type\":\"ReadAction\",\"target\":[\"https:\/\/ivoconta.pt\/it\/termini-e-condizioni\/\"]}]},{\"@type\":\"BreadcrumbList\",\"@id\":\"https:\/\/ivoconta.pt\/it\/termini-e-condizioni\/#breadcrumb\",\"itemListElement\":[{\"@type\":\"ListItem\",\"position\":1,\"name\":\"In\u00edcio\",\"item\":\"https:\/\/ivoconta.pt\/it\/\"},{\"@type\":\"ListItem\",\"position\":2,\"name\":\"Termini e Condizioni\"}]},{\"@type\":\"WebSite\",\"@id\":\"https:\/\/ivoconta.pt\/#website\",\"url\":\"https:\/\/ivoconta.pt\/\",\"name\":\"Ivoconta\",\"description\":\"Ivoconta\",\"publisher\":{\"@id\":\"https:\/\/ivoconta.pt\/#organization\"},\"potentialAction\":[{\"@type\":\"SearchAction\",\"target\":{\"@type\":\"EntryPoint\",\"urlTemplate\":\"https:\/\/ivoconta.pt\/?s={search_term_string}\"},\"query-input\":\"required name=search_term_string\"}],\"inLanguage\":\"it-IT\"},{\"@type\":\"Organization\",\"@id\":\"https:\/\/ivoconta.pt\/#organization\",\"name\":\"Ivoconta\",\"url\":\"https:\/\/ivoconta.pt\/\",\"logo\":{\"@type\":\"ImageObject\",\"inLanguage\":\"it-IT\",\"@id\":\"https:\/\/ivoconta.pt\/#\/schema\/logo\/image\/\",\"url\":\"https:\/\/ivoconta.pt\/wp-content\/uploads\/2023\/02\/Design-sem-nome-4.png\",\"contentUrl\":\"https:\/\/ivoconta.pt\/wp-content\/uploads\/2023\/02\/Design-sem-nome-4.png\",\"width\":1080,\"height\":1080,\"caption\":\"Ivoconta\"},\"image\":{\"@id\":\"https:\/\/ivoconta.pt\/#\/schema\/logo\/image\/\"},\"sameAs\":[\"https:\/\/www.facebook.com\/ivoconta.contabilidade\",\"https:\/\/www.linkedin.com\/company\/ivoconta-contabilidade-e-servios-lda\"]}]}<\/script>\n<!-- \/ Yoast SEO plugin. -->","yoast_head_json":{"title":"Termini e Condizioni | Ivoconta - Contabilit\u00e0 & Servizi, Azzorre","description":"Si prega di leggere attentamente i nostri termini e condizioni prima di entrare nel nostro sito web. Qui, apprezziamo la tua privacy.","robots":{"index":"index","follow":"follow","max-snippet":"max-snippet:-1","max-image-preview":"max-image-preview:large","max-video-preview":"max-video-preview:-1"},"canonical":"https:\/\/ivoconta.pt\/it\/termini-e-condizioni\/","og_locale":"it_IT","og_type":"article","og_title":"Termini e Condizioni | Ivoconta - Contabilit\u00e0 & Servizi, Azzorre","og_description":"Si prega di leggere attentamente i nostri termini e condizioni prima di entrare nel nostro sito web. Qui, apprezziamo la tua privacy.","og_url":"https:\/\/ivoconta.pt\/it\/termini-e-condizioni\/","og_site_name":"Ivoconta","article_publisher":"https:\/\/www.facebook.com\/ivoconta.contabilidade","article_modified_time":"2023-03-10T14:01:00+00:00","og_image":[{"width":1440,"height":458,"url":"https:\/\/ivoconta.pt\/wp-content\/uploads\/2023\/02\/iStock-1189010351-1-1.png","type":"image\/png"}],"twitter_card":"summary_large_image","twitter_misc":{"Tempo di lettura stimato":"9 minuti"},"schema":{"@context":"https:\/\/schema.org","@graph":[{"@type":"WebPage","@id":"https:\/\/ivoconta.pt\/it\/termini-e-condizioni\/","url":"https:\/\/ivoconta.pt\/it\/termini-e-condizioni\/","name":"Termini e Condizioni | Ivoconta - Contabilit\u00e0 & Servizi, Azzorre","isPartOf":{"@id":"https:\/\/ivoconta.pt\/#website"},"datePublished":"2023-02-21T16:03:29+00:00","dateModified":"2023-03-10T14:01:00+00:00","description":"Si prega di leggere attentamente i nostri termini e condizioni prima di entrare nel nostro sito web. Qui, apprezziamo la tua privacy.","breadcrumb":{"@id":"https:\/\/ivoconta.pt\/it\/termini-e-condizioni\/#breadcrumb"},"inLanguage":"it-IT","potentialAction":[{"@type":"ReadAction","target":["https:\/\/ivoconta.pt\/it\/termini-e-condizioni\/"]}]},{"@type":"BreadcrumbList","@id":"https:\/\/ivoconta.pt\/it\/termini-e-condizioni\/#breadcrumb","itemListElement":[{"@type":"ListItem","position":1,"name":"In\u00edcio","item":"https:\/\/ivoconta.pt\/it\/"},{"@type":"ListItem","position":2,"name":"Termini e Condizioni"}]},{"@type":"WebSite","@id":"https:\/\/ivoconta.pt\/#website","url":"https:\/\/ivoconta.pt\/","name":"Ivoconta","description":"Ivoconta","publisher":{"@id":"https:\/\/ivoconta.pt\/#organization"},"potentialAction":[{"@type":"SearchAction","target":{"@type":"EntryPoint","urlTemplate":"https:\/\/ivoconta.pt\/?s={search_term_string}"},"query-input":"required name=search_term_string"}],"inLanguage":"it-IT"},{"@type":"Organization","@id":"https:\/\/ivoconta.pt\/#organization","name":"Ivoconta","url":"https:\/\/ivoconta.pt\/","logo":{"@type":"ImageObject","inLanguage":"it-IT","@id":"https:\/\/ivoconta.pt\/#\/schema\/logo\/image\/","url":"https:\/\/ivoconta.pt\/wp-content\/uploads\/2023\/02\/Design-sem-nome-4.png","contentUrl":"https:\/\/ivoconta.pt\/wp-content\/uploads\/2023\/02\/Design-sem-nome-4.png","width":1080,"height":1080,"caption":"Ivoconta"},"image":{"@id":"https:\/\/ivoconta.pt\/#\/schema\/logo\/image\/"},"sameAs":["https:\/\/www.facebook.com\/ivoconta.contabilidade","https:\/\/www.linkedin.com\/company\/ivoconta-contabilidade-e-servios-lda"]}]}},"_links":{"self":[{"href":"https:\/\/ivoconta.pt\/it\/wp-json\/wp\/v2\/pages\/1098"}],"collection":[{"href":"https:\/\/ivoconta.pt\/it\/wp-json\/wp\/v2\/pages"}],"about":[{"href":"https:\/\/ivoconta.pt\/it\/wp-json\/wp\/v2\/types\/page"}],"author":[{"embeddable":true,"href":"https:\/\/ivoconta.pt\/it\/wp-json\/wp\/v2\/users\/1"}],"replies":[{"embeddable":true,"href":"https:\/\/ivoconta.pt\/it\/wp-json\/wp\/v2\/comments?post=1098"}],"version-history":[{"count":14,"href":"https:\/\/ivoconta.pt\/it\/wp-json\/wp\/v2\/pages\/1098\/revisions"}],"predecessor-version":[{"id":3054,"href":"https:\/\/ivoconta.pt\/it\/wp-json\/wp\/v2\/pages\/1098\/revisions\/3054"}],"wp:featuredmedia":[{"embeddable":true,"href":"https:\/\/ivoconta.pt\/it\/wp-json\/wp\/v2\/media\/681"}],"wp:attachment":[{"href":"https:\/\/ivoconta.pt\/it\/wp-json\/wp\/v2\/media?parent=1098"}],"curies":[{"name":"wp","href":"https:\/\/api.w.org\/{rel}","templated":true}]}}